{"id":1495,"date":"2025-11-20T12:37:19","date_gmt":"2025-11-20T15:37:19","guid":{"rendered":"https:\/\/ceehas.fau.unt.edu.ar\/?page_id=1495"},"modified":"2025-12-22T13:35:36","modified_gmt":"2025-12-22T16:35:36","slug":"one-page-express","status":"publish","type":"page","link":"https:\/\/ceehas.fau.unt.edu.ar\/","title":{"rendered":"HOME"},"content":{"rendered":"<div  id=\"about-1\" class=\"about-big-images-section\" style=\"background-color: #f6f6f6;\" data-label=\"About\" data-id=\"about-big-images-section\" data-category=\"about\">\n<div  class=\"gridContainer\">\n<div  class=\"about-big-images-textrow\">\n<div  class=\"about-big-images-textcol dynamic-color\" data-type=\"column\">\n<h2  class=\"\"><strong >Centro de estudios Energ\u00eda, Habitabilidad y Arquitectura Sustentable<\/strong><\/h2>\n<h3  class=\"\">Universidad Nacional de Tucum\u00e1n (UNT)<\/h3>\n&nbsp;\n<h4  class=\"\">El CEEHAS es un organismo acad\u00e9mico cuyo objetivo es el desarrollo de actividades de docencia, investigaci\u00f3n y extensi\u00f3n relacionadas con la arquitectura bioclim\u00e1tica, el uso racional de la energ\u00eda, la eficiencia energ\u00e9tica y la incorporaci\u00f3n de energ\u00edas renovables en la edificaci\u00f3n.<\/h4>\n<\/div>\n<\/div>\n<\/div>\n<\/div><div  id=\"novedades\" class=\"blog-section\" style=\"background-color: #ffffff;\" data-label=\"Novedades\" data-id=\"blog-section\" data-category=\"latest_news\">\n<div  class=\"\">\n<div  class=\"blog-textrow\">\n<div  class=\"blog-textcol dynamic-color\" data-type=\"column\">\n<h2  class=\"\">NOVEDADES<\/h2>\n<p  class=\"\">Conferencias, cursos, trabajos recientes, y m\u00e1s.<\/p>\n\n<\/div>\n<\/div>\n<div  class=\"blog-postsrow dark-text\" data-type=\"row\" data-dynamic-columns=\"one_page_express_latest_news_columns\" data-content-shortcode=\"one_page_express_latest_news\">\t\t\t<div id=\"post-2099\" class=\"blog-postcol cp4cols\">\n\t\t\t<div class=\"post-content\">\n\t\t\t\t\t\t\t\t<div class=\"row_345\">\n\t\t\t\t\t<h3 class=\"blog-title\">\n\t\t\t\t\t\t<a href=\"https:\/\/ceehas.fau.unt.edu.ar\/?p=2099\" rel=\"bookmark\">\n\t\t\t\t\t\t\tMg. Arq. Graciela Qui\u00f1ones \u271e\t\t\t\t\t\t<\/a>\n\t\t\t\t\t<\/h3>\n\t\t\t\t\t<p>Arquitecta, 1993 y Mag\u00edster en Auditor\u00eda Energ\u00e9tica y Utilizaci\u00f3n de Fuentes de Energ\u00edas no Convencionales en la Edificaci\u00f3n, 2013. Realiz\u00f3 numerosos seminarios y cursos de posgrado: Seminario LED. Iluminaci\u00f3n Eficiente,[&hellip;]<\/p>\n\t\t\t\t\t<a class=\"button blue small\" href=\"https:\/\/ceehas.fau.unt.edu.ar\/?p=2099\">\n\t\t\t\t\t\t<span data-theme=\"one_page_express_latest_news_read_more\">Read more<\/span>\n\t\t\t\t\t<\/a>\n\t\t\t\t\t<hr class=\"blog-separator\">\n<div class=\"post-header\">\n    <i class=\"font-icon-post fa fa-user\"><\/i>\n    <a href=\"https:\/\/ceehas.fau.unt.edu.ar\/?author=3\" title=\"Entradas de ceehasadmin\" rel=\"author\">ceehasadmin<\/a>    <i class=\"font-icon-post fa fa-calendar\"><\/i>\n    <span class=\"span12\">22 diciembre, 2025<\/span>\n\n    <i class=\"font-icon-post fa fa-comment-o\"><\/i>\n    <span>0<\/span>\n<\/div>\t\t\t\t<\/div>\n\t\t\t<\/div>\n\t\t<\/div>\n\t\t\t\t<div id=\"post-1911\" class=\"blog-postcol cp4cols\">\n\t\t\t<div class=\"post-content\">\n\t\t\t\t\t\t\t\t\t<a class=\"post-list-item-thumb\" href=\"https:\/\/ceehas.fau.unt.edu.ar\/?p=1911\">\n\t\t\t\t\t\t<img loading=\"lazy\" decoding=\"async\" width=\"369\" height=\"245\" src=\"https:\/\/ceehas.fau.unt.edu.ar\/wp-content\/uploads\/2025\/11\/Imagen3.jpg\" class=\"attachment-post-thumbnail size-post-thumbnail wp-post-image\" alt=\"\" srcset=\"https:\/\/ceehas.fau.unt.edu.ar\/wp-content\/uploads\/2025\/11\/Imagen3.jpg 369w, https:\/\/ceehas.fau.unt.edu.ar\/wp-content\/uploads\/2025\/11\/Imagen3-300x199.jpg 300w\" sizes=\"auto, (max-width: 369px) 100vw, 369px\" \/>\t\t\t\t\t<\/a>\n\t\t\t\t\t\t\t\t<div class=\"row_345\">\n\t\t\t\t\t<h3 class=\"blog-title\">\n\t\t\t\t\t\t<a href=\"https:\/\/ceehas.fau.unt.edu.ar\/?p=1911\" rel=\"bookmark\">\n\t\t\t\t\t\t\tNovedad 4\t\t\t\t\t\t<\/a>\n\t\t\t\t\t<\/h3>\n\t\t\t\t\t\t\t\t\t\t<a class=\"button blue small\" href=\"https:\/\/ceehas.fau.unt.edu.ar\/?p=1911\">\n\t\t\t\t\t\t<span data-theme=\"one_page_express_latest_news_read_more\">Read more<\/span>\n\t\t\t\t\t<\/a>\n\t\t\t\t\t<hr class=\"blog-separator\">\n<div class=\"post-header\">\n    <i class=\"font-icon-post fa fa-user\"><\/i>\n    <a href=\"https:\/\/ceehas.fau.unt.edu.ar\/?author=3\" title=\"Entradas de ceehasadmin\" rel=\"author\">ceehasadmin<\/a>    <i class=\"font-icon-post fa fa-calendar\"><\/i>\n    <span class=\"span12\">16 diciembre, 2025<\/span>\n\n    <i class=\"font-icon-post fa fa-comment-o\"><\/i>\n    <span>0<\/span>\n<\/div>\t\t\t\t<\/div>\n\t\t\t<\/div>\n\t\t<\/div>\n\t\t\t\t<div id=\"post-1909\" class=\"blog-postcol cp4cols\">\n\t\t\t<div class=\"post-content\">\n\t\t\t\t\t\t\t\t\t<a class=\"post-list-item-thumb\" href=\"https:\/\/ceehas.fau.unt.edu.ar\/?p=1909\">\n\t\t\t\t\t\t<img loading=\"lazy\" decoding=\"async\" width=\"1024\" height=\"768\" src=\"https:\/\/ceehas.fau.unt.edu.ar\/wp-content\/uploads\/2025\/12\/fotoInicioDocencia-1024x768.jpg\" class=\"attachment-post-thumbnail size-post-thumbnail wp-post-image\" alt=\"\" srcset=\"https:\/\/ceehas.fau.unt.edu.ar\/wp-content\/uploads\/2025\/12\/fotoInicioDocencia-1024x768.jpg 1024w, https:\/\/ceehas.fau.unt.edu.ar\/wp-content\/uploads\/2025\/12\/fotoInicioDocencia-300x225.jpg 300w, https:\/\/ceehas.fau.unt.edu.ar\/wp-content\/uploads\/2025\/12\/fotoInicioDocencia-768x576.jpg 768w, https:\/\/ceehas.fau.unt.edu.ar\/wp-content\/uploads\/2025\/12\/fotoInicioDocencia-1536x1152.jpg 1536w, https:\/\/ceehas.fau.unt.edu.ar\/wp-content\/uploads\/2025\/12\/fotoInicioDocencia-2048x1537.jpg 2048w, https:\/\/ceehas.fau.unt.edu.ar\/wp-content\/uploads\/2025\/12\/fotoInicioDocencia-1439x1080.jpg 1439w\" sizes=\"auto, (max-width: 1024px) 100vw, 1024px\" \/>\t\t\t\t\t<\/a>\n\t\t\t\t\t\t\t\t<div class=\"row_345\">\n\t\t\t\t\t<h3 class=\"blog-title\">\n\t\t\t\t\t\t<a href=\"https:\/\/ceehas.fau.unt.edu.ar\/?p=1909\" rel=\"bookmark\">\n\t\t\t\t\t\t\tNovedad 3\t\t\t\t\t\t<\/a>\n\t\t\t\t\t<\/h3>\n\t\t\t\t\t\t\t\t\t\t<a class=\"button blue small\" href=\"https:\/\/ceehas.fau.unt.edu.ar\/?p=1909\">\n\t\t\t\t\t\t<span data-theme=\"one_page_express_latest_news_read_more\">Read more<\/span>\n\t\t\t\t\t<\/a>\n\t\t\t\t\t<hr class=\"blog-separator\">\n<div class=\"post-header\">\n    <i class=\"font-icon-post fa fa-user\"><\/i>\n    <a href=\"https:\/\/ceehas.fau.unt.edu.ar\/?author=3\" title=\"Entradas de ceehasadmin\" rel=\"author\">ceehasadmin<\/a>    <i class=\"font-icon-post fa fa-calendar\"><\/i>\n    <span class=\"span12\">16 diciembre, 2025<\/span>\n\n    <i class=\"font-icon-post fa fa-comment-o\"><\/i>\n    <span>0<\/span>\n<\/div>\t\t\t\t<\/div>\n\t\t\t<\/div>\n\t\t<\/div>\n\t\t<\/div>\n<div  class=\"blog-textcol\"><a  class=\"button blue\" href=\"https:\/\/ceehas.fau.unt.edu.ar\/?page_id=1496\" data-attr-shortcode=\"href:one_page_express_blog_link\">VER ANTERIORES<\/a><\/div>\n<\/div>\n<\/div><div  id=\"secciones-principales\" class=\"features-square-image-section\" style=\"background-color: #f6f6f6;\" data-label=\"Secciones principales\" data-id=\"features-square-image-section\" data-category=\"features\">\n<div  class=\"dynamic-color gridContainer\">\n<div  class=\"features-square-image-innerrow\" data-type=\"row\">\n<div  class=\"features-square-image-featcol cp6cols-tablet cp6cols\">\n<h4  class=\"\"><img  decoding=\"async\" class=\"features-square-image-featimg alignnone\" src=\"http:\/\/ceehas.fau.unt.edu.ar\/wp-content\/uploads\/2025\/12\/Grilla-Home-1.jpg\" alt=\"\">INSTITUCIONAL<\/h4>\nMisi\u00f3n, Integrantes, y m\u00e1s.\n\n<a  class=\"\" href=\"https:\/\/ceehas.fau.unt.edu.ar?page_id=1754#https:\/\/ceehas.fau.unt.edu.ar\/?page_id=1754\" target=\"_self\"><i  class=\"font-icon-22 fa fa-arrow-circle-right\" data-cp-fa=\"true\"><\/i>&nbsp;learn more<\/a>\n\n<\/div>\n<div  class=\"features-square-image-featcol cp6cols-tablet cp6cols\"><img  decoding=\"async\" class=\"features-square-image-featimg\" src=\"http:\/\/ceehas.fau.unt.edu.ar\/wp-content\/uploads\/2025\/12\/Grilla-Home-2.jpg\" alt=\"\">\n<h4  class=\"\">DOCENCIA<\/h4>\nC\u00e1tedra y Carrera de Especializaci\u00f3n.\n\n<a  class=\"\" href=\"https:\/\/ceehas.fau.unt.edu.ar?page_id=1763#https:\/\/ceehas.fau.unt.edu.ar\/?page_id=1763\" target=\"_self\"><i  class=\"font-icon-22 fa fa-arrow-circle-right\" data-cp-fa=\"true\"><\/i>&nbsp;learn more<\/a>\n\n<\/div>\n<div  class=\"features-square-image-featcol cp6cols-tablet cp6cols\"><img  decoding=\"async\" class=\"features-square-image-featimg\" src=\"http:\/\/ceehas.fau.unt.edu.ar\/wp-content\/uploads\/2025\/12\/Grilla-Home-3.jpg\" alt=\"\">\n<h4  class=\"\">INVESTIGACI\u00d3N<\/h4>\n<p  class=\"\">Proyectos actuales y anteriores.<\/p>\n<a  class=\"\" href=\"https:\/\/ceehas.fau.unt.edu.ar?page_id=1978\" target=\"_self\"><i  class=\"font-icon-22 fa fa-arrow-circle-right\" data-cp-fa=\"true\"><\/i>&nbsp;learn more<\/a> <img  decoding=\"async\" class=\"custom-image\" src=\"#\">\n\n<\/div>\n<div  class=\"features-square-image-featcol cp6cols-tablet cp6cols\"><img  decoding=\"async\" class=\"features-square-image-featimg\" src=\"http:\/\/ceehas.fau.unt.edu.ar\/wp-content\/uploads\/2025\/12\/Grilla-Home-4.jpg\" alt=\"\">\n<h4  class=\"\">PUBLICACIONES<\/h4>\n<p  class=\"\">Bibliograf\u00eda producida, trabajos en congresos, cap\u00edtulos de libros, y m\u00e1s.<\/p>\n<a  class=\"\" href=\"https:\/\/ceehas.fau.unt.edu.ar?page_id=1714#https:\/\/ceehas.fau.unt.edu.ar\/?page_id=1714\" target=\"_self\"><i  class=\"font-icon-22 fa fa-arrow-circle-right\" data-cp-fa=\"true\"><\/i>&nbsp;learn more<\/a>\n\n<\/div>\n<\/div>\n<\/div>\n<\/div>","protected":false},"excerpt":{"rendered":"<p>Centro de estudios Energ\u00eda, Habitabilidad y Arquitectura Sustentable Universidad Nacional de Tucum\u00e1n (UNT) &nbsp; El CEEHAS es un organismo acad\u00e9mico cuyo objetivo es el desarrollo de actividades de docencia, investigaci\u00f3n y extensi\u00f3n relacionadas con la arquitectura bioclim\u00e1tica, el uso racional de la energ\u00eda, la eficiencia energ\u00e9tica y la incorporaci\u00f3n de energ\u00edas renovables en la edificaci\u00f3n.&hellip; <br \/> <a class=\"button small blue\" href=\"https:\/\/ceehas.fau.unt.edu.ar\/?p=1909\">Read more<\/a><\/p>\n","protected":false},"author":3,"featured_media":0,"parent":0,"menu_order":0,"comment_status":"closed","ping_status":"closed","template":"","meta":{"footnotes":""},"class_list":["post-1495","page","type-page","status-publish","hentry"],"_links":{"self":[{"href":"https:\/\/ceehas.fau.unt.edu.ar\/index.php?rest_route=\/wp\/v2\/pages\/1495","targetHints":{"allow":["GET"]}}],"collection":[{"href":"https:\/\/ceehas.fau.unt.edu.ar\/index.php?rest_route=\/wp\/v2\/pages"}],"about":[{"href":"https:\/\/ceehas.fau.unt.edu.ar\/index.php?rest_route=\/wp\/v2\/types\/page"}],"author":[{"embeddable":true,"href":"https:\/\/ceehas.fau.unt.edu.ar\/index.php?rest_route=\/wp\/v2\/users\/3"}],"replies":[{"embeddable":true,"href":"https:\/\/ceehas.fau.unt.edu.ar\/index.php?rest_route=%2Fwp%2Fv2%2Fcomments&post=1495"}],"version-history":[{"count":49,"href":"https:\/\/ceehas.fau.unt.edu.ar\/index.php?rest_route=\/wp\/v2\/pages\/1495\/revisions"}],"predecessor-version":[{"id":2107,"href":"https:\/\/ceehas.fau.unt.edu.ar\/index.php?rest_route=\/wp\/v2\/pages\/1495\/revisions\/2107"}],"wp:attachment":[{"href":"https:\/\/ceehas.fau.unt.edu.ar\/index.php?rest_route=%2Fwp%2Fv2%2Fmedia&parent=1495"}],"curies":[{"name":"wp","href":"https:\/\/api.w.org\/{rel}","templated":true}]}}